{"id":37,"date":"2020-08-04T11:06:10","date_gmt":"2020-08-04T11:06:10","guid":{"rendered":"https:\/\/yali-marti.atelier-arda.ch\/?page_id=37"},"modified":"2020-11-08T17:09:07","modified_gmt":"2020-11-08T17:09:07","slug":"home-2","status":"publish","type":"page","link":"https:\/\/marti.estate\/","title":{"rendered":"MARTI.estate"},"content":{"rendered":"<p>[et_pb_section fb_built=&#8220;1&#8243; fullwidth=&#8220;on&#8220; _builder_version=&#8220;4.6.6&#8243; _module_preset=&#8220;default&#8220; custom_margin=&#8220;-4px|||||&#8220; custom_padding=&#8220;6px|||||&#8220;][et_pb_fullwidth_header title=&#8220;MARTI.estate&#8220; subhead=&#8220;F\u00fcr Traumhafte Ferien in der T\u00fcrkei&#8220; text_orientation=&#8220;center&#8220; subhead_tablet=&#8220;F\u00fcr Traumhafte Ferien in der T\u00fcrkei&#8220; subhead_phone=&#8220;F\u00fcr Traumhafte Ferien in der T\u00fcrkei&#8220; subhead_last_edited=&#8220;on|phone&#8220; _builder_version=&#8220;4.6.6&#8243; _module_preset=&#8220;default&#8220; title_font=&#8220;Verdana|800|||||||&#8220; title_text_align=&#8220;center&#8220; title_font_size=&#8220;38px&#8220; content_font=&#8220;Verdana||||||||&#8220; subhead_font=&#8220;Verdana||||||||&#8220; subhead_text_align=&#8220;center&#8220; background_enable_color=&#8220;off&#8220; background_image=&#8220;https:\/\/marti.estate\/wp-content\/uploads\/2020\/11\/MARTI.estate_-Bakirkoey_1-e1604788625195.jpg&#8220; transform_scale_tablet=&#8220;&#8220; transform_scale_phone=&#8220;&#8220; transform_scale_last_edited=&#8220;on|desktop&#8220; transform_translate_tablet=&#8220;&#8220; transform_translate_phone=&#8220;1px|0px&#8220; transform_translate_last_edited=&#8220;on|desktop&#8220; transform_translate_linked=&#8220;off&#8220; transform_rotate_tablet=&#8220;&#8220; transform_rotate_phone=&#8220;&#8220; transform_rotate_last_edited=&#8220;on|desktop&#8220; transform_skew_tablet=&#8220;&#8220; transform_skew_phone=&#8220;&#8220; transform_skew_last_edited=&#8220;on|desktop&#8220; transform_origin_tablet=&#8220;&#8220; transform_origin_phone=&#8220;&#8220; transform_origin_last_edited=&#8220;on|desktop&#8220; transform_styles_last_edited=&#8220;on|desktop&#8220; background_layout=&#8220;light&#8220; min_height=&#8220;725px&#8220; hover_enabled=&#8220;0&#8243; background_last_edited=&#8220;on|desktop&#8220; parallax_tablet=&#8220;off&#8220; background_size_phone=&#8220;cover&#8220; transform_styles_tablet=&#8220;&#8220; transform_styles_phone=&#8220;&#8220; text_shadow_style=&#8220;preset2&#8243; text_shadow_horizontal_length=&#8220;0.09em&#8220; text_shadow_blur_strength=&#8220;1.29em&#8220; sticky_enabled=&#8220;0&#8243; title_font_last_edited=&#8220;on|phone&#8220;][\/et_pb_fullwidth_header][\/et_pb_section][et_pb_section fb_built=&#8220;1&#8243; fullwidth=&#8220;on&#8220; _builder_version=&#8220;4.6.6&#8243; _module_preset=&#8220;default&#8220;][\/et_pb_section][et_pb_section fb_built=&#8220;1&#8243; admin_label=&#8220;Services&#8220; _builder_version=&#8220;3.22&#8243; min_height=&#8220;1101px&#8220; custom_margin=&#8220;-3px|||||&#8220; custom_padding=&#8220;45px|0px|90px|0px||&#8220;][et_pb_row disabled_on=&#8220;on|on|off&#8220; _builder_version=&#8220;4.6.6&#8243; _module_preset=&#8220;default&#8220;][et_pb_column type=&#8220;4_4&#8243; _builder_version=&#8220;4.6.6&#8243; _module_preset=&#8220;default&#8220;][et_pb_gallery gallery_ids=&#8220;112,113,114,115,116,117,118,119,120,121,122,123,124,125,126,127,128,129,130,131,132,133,134,135,136,137,138,139,140,141,142,143,144,145,146,147,148,149,150,151,152,153,154,155,156&#8243; gallery_orderby=&#8220;rand&#8220; show_title_and_caption=&#8220;off&#8220; show_pagination=&#8220;off&#8220; hover_icon=&#8220;%%99%%&#8220; disabled_on=&#8220;on|on|off&#8220; _builder_version=&#8220;4.6.6&#8243; _dynamic_attributes=&#8220;link_option_url&#8220; _module_preset=&#8220;default&#8220; title_level=&#8220;h5&#8243; background_color=&#8220;rgba(0,0,0,0)&#8220; text_orientation=&#8220;center&#8220; animation_style=&#8220;slide&#8220; animation_direction=&#8220;bottom&#8220; animation_delay=&#8220;600ms&#8220; animation_starting_opacity=&#8220;14%&#8220; hover_transition_delay=&#8220;150ms&#8220; link_option_url=&#8220;@ET-DC@eyJkeW5hbWljIjp0cnVlLCJjb250ZW50IjoicG9zdF9saW5rX3VybF9wYWdlIiwic2V0dGluZ3MiOnsicG9zdF9pZCI6IjUzIn19@&#8220; pagination_font_tablet=&#8220;&#8220; pagination_font_phone=&#8220;&#8220; pagination_font_last_edited=&#8220;on|desktop&#8220; border_radii_image=&#8220;on|50px|50px|50px|50px&#8220; border_width_right_image=&#8220;3px&#8220; border_width_bottom_image=&#8220;4px&#8220; box_shadow_style_image=&#8220;preset2&#8243;][\/et_pb_gallery][\/et_pb_column][\/et_pb_row][et_pb_row column_structure=&#8220;1_2,1_2&#8243; _builder_version=&#8220;4.6.6&#8243; _module_preset=&#8220;default&#8220;][et_pb_column type=&#8220;1_2&#8243; _builder_version=&#8220;4.6.6&#8243; _module_preset=&#8220;default&#8220;][et_pb_text _builder_version=&#8220;4.6.6&#8243; _module_preset=&#8220;default&#8220;]<\/p>\n<h2 class=\" sb-searchbox__title \" style=\"text-align: center;\"><span class=\"sb-searchbox__title-text\">Belegungskalender<\/span><\/h2>\n<p>[\/et_pb_text][et_pb_code _builder_version=&#8220;4.6.6&#8243; _module_preset=&#8220;default&#8220; text_orientation=&#8220;center&#8220;]<\/p>\n<div id=\"smoobuApartment313031de\" class=\"calendarWidget\">\n<div class=\"calendarContent\" data-load-calendar-url=\"https:\/\/login.smoobu.com\/de\/cockpit\/widget\/single-calendar\/313031\" data-verification=\"a582213600030f4d8349dd5639b396ea081103d9527ee982416c839396b7afee\" data-baseUrl=\"https:\/\/login.smoobu.com\" data-disable-css=\"false\" ><\/div>\n<p> <script type=\"text\/javascript\" src=\"https:\/\/login.smoobu.com\/js\/Apartment\/CalendarWidget.js\"><\/script><\/div>\n<p>[\/et_pb_code][\/et_pb_column][et_pb_column type=&#8220;1_2&#8243; _builder_version=&#8220;4.6.6&#8243; _module_preset=&#8220;default&#8220;][et_pb_text _builder_version=&#8220;4.6.6&#8243; _module_preset=&#8220;default&#8220;]<\/p>\n<h2 class=\" sb-searchbox__title \" style=\"text-align: center;\"><span class=\"sb-searchbox__title-text\">Finden Sie Angebote \u00fcber Ferienwohnungen in istanbul &#8230;<\/span><\/h2>\n<p>[\/et_pb_text][et_pb_code _builder_version=&#8220;4.6.6&#8243; _module_preset=&#8220;default&#8220;]<\/p>\n<div id=\"apartmentIframeAll\"><!-- [et_pb_line_break_holder] --><script type=\"text\/javascript\" src=\"https:\/\/login.smoobu.com\/js\/Settings\/BookingToolIframe.js\"><\/script><!-- [et_pb_line_break_holder] --><script>BookingToolIframe.initialize({\"url\": \"https:\/\/login.smoobu.com\/de\/booking-tool\/iframe\/93062\", \"baseUrl\": \"https:\/\/login.smoobu.com\", \"target\": \"#apartmentIframeAll\"})<\/script><!-- [et_pb_line_break_holder] --><\/div>\n<p>[\/et_pb_code][\/et_pb_column][\/et_pb_row][et_pb_row _builder_version=&#8220;4.6.6&#8243; _module_preset=&#8220;default&#8220;][et_pb_column type=&#8220;4_4&#8243; _builder_version=&#8220;4.6.6&#8243; _module_preset=&#8220;default&#8220;][et_pb_gallery gallery_ids=&#8220;112,113,114,115,116,117,118,119,120,121,122,123,124,125,126,127,128,129,130,131,132,133,134,135,136,137,138,139,140,141,142,143,144,145,146,147,148,149,150,151,152,153,154,155,156&#8243; gallery_orderby=&#8220;rand&#8220; show_title_and_caption=&#8220;off&#8220; show_pagination=&#8220;off&#8220; hover_icon=&#8220;%%99%%&#8220; disabled_on=&#8220;off|off|on&#8220; _builder_version=&#8220;4.6.6&#8243; _dynamic_attributes=&#8220;link_option_url&#8220; _module_preset=&#8220;default&#8220; title_level=&#8220;h5&#8243; background_color=&#8220;rgba(0,0,0,0)&#8220; text_orientation=&#8220;center&#8220; animation_style=&#8220;slide&#8220; animation_direction=&#8220;bottom&#8220; animation_delay=&#8220;600ms&#8220; animation_starting_opacity=&#8220;14%&#8220; hover_transition_delay=&#8220;150ms&#8220; link_option_url=&#8220;@ET-DC@eyJkeW5hbWljIjp0cnVlLCJjb250ZW50IjoicG9zdF9saW5rX3VybF9wYWdlIiwic2V0dGluZ3MiOnsicG9zdF9pZCI6IjUzIn19@&#8220; pagination_font_tablet=&#8220;&#8220; pagination_font_phone=&#8220;&#8220; pagination_font_last_edited=&#8220;on|desktop&#8220; border_radii_image=&#8220;on|50px|50px|50px|50px&#8220; border_width_right_image=&#8220;3px&#8220; border_width_bottom_image=&#8220;4px&#8220; box_shadow_style_image=&#8220;preset2&#8243;][\/et_pb_gallery][\/et_pb_column][\/et_pb_row][\/et_pb_section][et_pb_section fb_built=&#8220;1&#8243; admin_label=&#8220;Split Section&#8220; _builder_version=&#8220;3.22&#8243; custom_padding=&#8220;0px||0px|&#8220; animation_style=&#8220;fold&#8220; animation_direction=&#8220;bottom&#8220; animation_intensity_fold=&#8220;4%&#8220;][\/et_pb_section]<\/p>\n","protected":false},"excerpt":{"rendered":"<p>BelegungskalenderFinden Sie Angebote \u00fcber Ferienwohnungen in istanbul &#8230;<\/p>\n","protected":false},"author":1,"featured_media":5,"parent":0,"menu_order":0,"comment_status":"closed","ping_status":"closed","template":"","meta":{"_et_pb_use_builder":"on","_et_pb_old_content":"","_et_gb_content_width":"","footnotes":""},"class_list":["post-37","page","type-page","status-publish","has-post-thumbnail","hentry"],"_links":{"self":[{"href":"https:\/\/marti.estate\/index.php?rest_route=\/wp\/v2\/pages\/37","targetHints":{"allow":["GET"]}}],"collection":[{"href":"https:\/\/marti.estate\/index.php?rest_route=\/wp\/v2\/pages"}],"about":[{"href":"https:\/\/marti.estate\/index.php?rest_route=\/wp\/v2\/types\/page"}],"author":[{"embeddable":true,"href":"https:\/\/marti.estate\/index.php?rest_route=\/wp\/v2\/users\/1"}],"replies":[{"embeddable":true,"href":"https:\/\/marti.estate\/index.php?rest_route=%2Fwp%2Fv2%2Fcomments&post=37"}],"version-history":[{"count":47,"href":"https:\/\/marti.estate\/index.php?rest_route=\/wp\/v2\/pages\/37\/revisions"}],"predecessor-version":[{"id":331,"href":"https:\/\/marti.estate\/index.php?rest_route=\/wp\/v2\/pages\/37\/revisions\/331"}],"wp:featuredmedia":[{"embeddable":true,"href":"https:\/\/marti.estate\/index.php?rest_route=\/wp\/v2\/media\/5"}],"wp:attachment":[{"href":"https:\/\/marti.estate\/index.php?rest_route=%2Fwp%2Fv2%2Fmedia&parent=37"}],"curies":[{"name":"wp","href":"https:\/\/api.w.org\/{rel}","templated":true}]}}